{"id":2209,"date":"2016-01-18T14:49:04","date_gmt":"2016-01-18T14:49:04","guid":{"rendered":"http:\/\/euromob.org\/?page_id=2209"},"modified":"2022-08-23T18:17:26","modified_gmt":"2022-08-23T18:17:26","slug":"home-3","status":"publish","type":"page","link":"https:\/\/www.euromob.org\/","title":{"rendered":""},"content":{"rendered":"\n<p><\/p>\n\n\n\n<figure class=\"wp-block-gallery has-nested-images columns-7 is-cropped wp-block-gallery-1 is-layout-flex wp-block-gallery-is-layout-flex\">\n<figure class=\"wp-block-image size-large\"><img loading=\"lazy\" decoding=\"async\" width=\"756\" height=\"816\" data-id=\"19501\" src=\"https:\/\/www.euromob.org\/wp-content\/uploads\/2022\/08\/e.jpg\" alt=\"\" class=\"wp-image-19501\" srcset=\"https:\/\/www.euromob.org\/wp-content\/uploads\/2022\/08\/e.jpg 756w, https:\/\/www.euromob.org\/wp-content\/uploads\/2022\/08\/e-278x300.jpg 278w\" sizes=\"auto, (max-width: 756px) 100vw, 756px\" \/><\/figure>\n\n\n\n<figure class=\"wp-block-image size-large\"><img loading=\"lazy\" decoding=\"async\" width=\"826\" height=\"832\" data-id=\"19506\" src=\"https:\/\/www.euromob.org\/wp-content\/uploads\/2022\/08\/u.jpg\" alt=\"\" class=\"wp-image-19506\" srcset=\"https:\/\/www.euromob.org\/wp-content\/uploads\/2022\/08\/u.jpg 826w, https:\/\/www.euromob.org\/wp-content\/uploads\/2022\/08\/u-298x300.jpg 298w, https:\/\/www.euromob.org\/wp-content\/uploads\/2022\/08\/u-150x150.jpg 150w, https:\/\/www.euromob.org\/wp-content\/uploads\/2022\/08\/u-768x774.jpg 768w, https:\/\/www.euromob.org\/wp-content\/uploads\/2022\/08\/u-80x80.jpg 80w, https:\/\/www.euromob.org\/wp-content\/uploads\/2022\/08\/u-100x100.jpg 100w\" sizes=\"auto, (max-width: 826px) 100vw, 826px\" \/><\/figure>\n\n\n\n<figure class=\"wp-block-image size-large\"><img loading=\"lazy\" decoding=\"async\" width=\"898\" height=\"840\" data-id=\"19505\" src=\"https:\/\/www.euromob.org\/wp-content\/uploads\/2022\/08\/r.jpg\" alt=\"\" class=\"wp-image-19505\" srcset=\"https:\/\/www.euromob.org\/wp-content\/uploads\/2022\/08\/r.jpg 898w, https:\/\/www.euromob.org\/wp-content\/uploads\/2022\/08\/r-300x281.jpg 300w, https:\/\/www.euromob.org\/wp-content\/uploads\/2022\/08\/r-768x718.jpg 768w\" sizes=\"auto, (max-width: 898px) 100vw, 898px\" \/><\/figure>\n\n\n\n<figure class=\"wp-block-image size-large\"><img loading=\"lazy\" decoding=\"async\" width=\"856\" height=\"848\" data-id=\"19503\" src=\"https:\/\/www.euromob.org\/wp-content\/uploads\/2022\/08\/o.jpg\" alt=\"\" class=\"wp-image-19503\" srcset=\"https:\/\/www.euromob.org\/wp-content\/uploads\/2022\/08\/o.jpg 856w, https:\/\/www.euromob.org\/wp-content\/uploads\/2022\/08\/o-300x297.jpg 300w, https:\/\/www.euromob.org\/wp-content\/uploads\/2022\/08\/o-150x150.jpg 150w, https:\/\/www.euromob.org\/wp-content\/uploads\/2022\/08\/o-768x761.jpg 768w, https:\/\/www.euromob.org\/wp-content\/uploads\/2022\/08\/o-80x80.jpg 80w, https:\/\/www.euromob.org\/wp-content\/uploads\/2022\/08\/o-100x100.jpg 100w\" sizes=\"auto, (max-width: 856px) 100vw, 856px\" \/><\/figure>\n\n\n\n<figure class=\"wp-block-image size-large\"><img loading=\"lazy\" decoding=\"async\" width=\"1024\" height=\"819\" data-id=\"19502\" src=\"https:\/\/www.euromob.org\/wp-content\/uploads\/2022\/08\/m-1024x819.jpg\" alt=\"\" class=\"wp-image-19502\" srcset=\"https:\/\/www.euromob.org\/wp-content\/uploads\/2022\/08\/m-1024x819.jpg 1024w, https:\/\/www.euromob.org\/wp-content\/uploads\/2022\/08\/m-300x240.jpg 300w, https:\/\/www.euromob.org\/wp-content\/uploads\/2022\/08\/m-768x614.jpg 768w, https:\/\/www.euromob.org\/wp-content\/uploads\/2022\/08\/m-958x766.jpg 958w, https:\/\/www.euromob.org\/wp-content\/uploads\/2022\/08\/m.jpg 1028w\" sizes=\"auto, (max-width: 1024px) 100vw, 1024px\" \/><\/figure>\n\n\n\n<figure class=\"wp-block-image size-large\"><img loading=\"lazy\" decoding=\"async\" width=\"864\" height=\"822\" data-id=\"19504\" src=\"https:\/\/www.euromob.org\/wp-content\/uploads\/2022\/08\/oo.jpg\" alt=\"\" class=\"wp-image-19504\" srcset=\"https:\/\/www.euromob.org\/wp-content\/uploads\/2022\/08\/oo.jpg 864w, https:\/\/www.euromob.org\/wp-content\/uploads\/2022\/08\/oo-300x285.jpg 300w, https:\/\/www.euromob.org\/wp-content\/uploads\/2022\/08\/oo-768x731.jpg 768w\" sizes=\"auto, (max-width: 864px) 100vw, 864px\" \/><\/figure>\n\n\n\n<figure class=\"wp-block-image size-large\"><img loading=\"lazy\" decoding=\"async\" width=\"822\" height=\"844\" data-id=\"19500\" src=\"https:\/\/www.euromob.org\/wp-content\/uploads\/2022\/08\/b.jpg\" alt=\"\" class=\"wp-image-19500\" srcset=\"https:\/\/www.euromob.org\/wp-content\/uploads\/2022\/08\/b.jpg 822w, https:\/\/www.euromob.org\/wp-content\/uploads\/2022\/08\/b-292x300.jpg 292w, https:\/\/www.euromob.org\/wp-content\/uploads\/2022\/08\/b-768x789.jpg 768w\" sizes=\"auto, (max-width: 822px) 100vw, 822px\" \/><\/figure>\n<\/figure>\n\n\n\n<div class=\"wp-block-columns is-layout-flex wp-container-core-columns-is-layout-9d6595d7 wp-block-columns-is-layout-flex\">\n<div class=\"wp-block-column is-layout-flow wp-block-column-is-layout-flow\" style=\"flex-basis:100%\">\n<h1 class=\"wp-block-heading\">&nbsp;<\/h1>\n\n\n\n<h1 class=\"has-text-align-center wp-block-heading\"><strong>Travel, work, learn, live&#8230;<\/strong><\/h1>\n\n\n\n<blockquote><div dir=\"ltr\">\n<div style=\"text-align: center;\">In 2012 Dominika and Chantal met at Instituto Polit\u00e9cnico of Viana do Castelo &#8211; Escola Superior de Tecnologia e Gest\u00e3o. Then, in 2013, Dominika had a brilliant idea and together &#8211; they founded Associa\u00e7\u00e3o de Mobilidade Intercultural EUROMOB, which has now grown into a bigger and more complete project &#8211; WE ARE, Lda!<\/div>\n<div>&nbsp;<\/div>\n<div style=\"text-align: center;\">Many new projects and innovations are what best characterise this project. Even after being hit by a pandemic, they got up and have set up new surprises and projects for the upcoming years &#8211; always taking into consideration what they can do to make their clients\u2019 experience even better. The eternal challenge and mission that has been set up for the company is to continue to grow in a sustainable and high-quality manner.<\/div>\n<div>&nbsp;<\/div>\n<div style=\"text-align: center;\">Almost about to reach the 10-year mark of working together, Chantal and Dominika are absolutely ecstatic to have found each other and are very excited to see what the future has in store for WE ARE. Stay tuned!<\/div>\n<div>&nbsp;<\/div>\n<\/div><div style=\"text-align: center;\">Do not forget to check our <a href=\"https:\/\/www.euromob.org\/?page_id=19548\">WE ARE HOSTEL<\/a> and <a href=\"https:\/\/www.euromob.org\/?page_id=19557\">WE ARE TASTY<\/a>. We are getting better and better for you!<\/div><div>&nbsp;<\/div><div style=\"text-align: center;\"><strong>WE ARE YOUR MOBILITY PARTNER&nbsp;<\/strong><\/div><div style=\"text-align: center;\"><strong>WE ARE EUROMOB<\/strong><\/div><div style=\"text-align: center;\">&nbsp;&nbsp;<\/div><\/blockquote>\n\n\n\n<div style=\"text-align: center;\">&nbsp;<\/div>\n\n\n\n<div>\n<p><\/p><\/div>\n\n\n\n<figure class=\"wp-block-video\"><video autoplay controls src=\"https:\/\/www.euromob.org\/wp-content\/uploads\/2022\/08\/we_are_euromob_promotion-720p.mp4\"><\/video><\/figure>\n\n\n<div class=\"wp-block-image\">\n<figure class=\"aligncenter\"><img decoding=\"async\" src=\"https:\/\/www.euromob.org\/wp-content\/uploads\/2022\/04\/logo-200-ver-px.jpg\" alt=\"\" class=\"wp-image-19282\"\/><\/figure>\n<\/div>\n\n<div class=\"wp-block-image\">\n<figure class=\"aligncenter\"><img loading=\"lazy\" decoding=\"async\" width=\"300\" height=\"207\" src=\"https:\/\/www.euromob.org\/wp-content\/uploads\/2019\/06\/zzz-300x207.png\" alt=\"\" class=\"wp-image-4254\" srcset=\"https:\/\/www.euromob.org\/wp-content\/uploads\/2019\/06\/zzz-300x207.png 300w, https:\/\/www.euromob.org\/wp-content\/uploads\/2019\/06\/zzz-768x531.png 768w, https:\/\/www.euromob.org\/wp-content\/uploads\/2019\/06\/zzz-1024x707.png 1024w, https:\/\/www.euromob.org\/wp-content\/uploads\/2019\/06\/zzz-958x662.png 958w, https:\/\/www.euromob.org\/wp-content\/uploads\/2019\/06\/zzz-600x415.png 600w, https:\/\/www.euromob.org\/wp-content\/uploads\/2019\/06\/zzz.png 1200w\" sizes=\"auto, (max-width: 300px) 100vw, 300px\" \/><\/figure>\n<\/div>\n\n\n<div><\/div>\n\n\n\n<div>&nbsp;<\/div>\n\n\n\n<div>&nbsp;<\/div>\n\n\n\n<h3 class=\"wp-block-heading\">&nbsp;<\/h3>\n\n\n\n<div>&nbsp;<\/div>\n<\/div>\n<\/div>\n","protected":false},"excerpt":{"rendered":"<p>&nbsp; Travel, work, learn, live&#8230; In 2012 Dominika and Chantal met at Instituto Polit\u00e9cnico of Viana do Castelo &#8211; Escola Superior de Tecnologia e Gest\u00e3o. Then, in 2013, Dominika had a brilliant idea and together &#8211; they founded Associa\u00e7\u00e3o de Mobilidade Intercultural EUROMOB, which has now grown into a bigger and more complete project &#8211; [&hellip;]<\/p>\n","protected":false},"author":4,"featured_media":0,"parent":0,"menu_order":0,"comment_status":"closed","ping_status":"open","template":"","meta":{"footnotes":""},"class_list":["post-2209","page","type-page","status-publish","hentry"],"_links":{"self":[{"href":"https:\/\/www.euromob.org\/index.php?rest_route=\/wp\/v2\/pages\/2209","targetHints":{"allow":["GET"]}}],"collection":[{"href":"https:\/\/www.euromob.org\/index.php?rest_route=\/wp\/v2\/pages"}],"about":[{"href":"https:\/\/www.euromob.org\/index.php?rest_route=\/wp\/v2\/types\/page"}],"author":[{"embeddable":true,"href":"https:\/\/www.euromob.org\/index.php?rest_route=\/wp\/v2\/users\/4"}],"replies":[{"embeddable":true,"href":"https:\/\/www.euromob.org\/index.php?rest_route=%2Fwp%2Fv2%2Fcomments&post=2209"}],"version-history":[{"count":5,"href":"https:\/\/www.euromob.org\/index.php?rest_route=\/wp\/v2\/pages\/2209\/revisions"}],"predecessor-version":[{"id":19584,"href":"https:\/\/www.euromob.org\/index.php?rest_route=\/wp\/v2\/pages\/2209\/revisions\/19584"}],"wp:attachment":[{"href":"https:\/\/www.euromob.org\/index.php?rest_route=%2Fwp%2Fv2%2Fmedia&parent=2209"}],"curies":[{"name":"wp","href":"https:\/\/api.w.org\/{rel}","templated":true}]}}